{"id":39,"date":"2026-04-25T13:54:39","date_gmt":"2026-04-25T11:54:39","guid":{"rendered":"http:\/\/www.kungsorsbhk.com\/wordpresstest\/?page_id=39"},"modified":"2026-04-25T14:00:00","modified_gmt":"2026-04-25T12:00:00","slug":"styrelsen","status":"publish","type":"page","link":"https:\/\/www.kungsorsbhk.com\/wp\/styrelsen\/","title":{"rendered":"Styrelsen"},"content":{"rendered":"<div class=\"row\"><div class=\"col-sm-6\">\n<h4>Klubbstyrelsen 2026<\/h4>\n<p>Ordf\u00f6rande: Ann-Sofie Zetterljung<br \/>\nVice ordf\u00f6rande: Jenny Str\u00f6mvall<br \/>\nSekreterare: Malin Panajott<br \/>\nKass\u00f6r: Lena Andersson<br \/>\nLedam\u00f6ter: \u00c5sa Wilkinson Petersson, Eva Lundstr\u00f6m, Carina Bor\u00e9n, Erica Svensson<br \/>\nSuppleanter: Gert Wamfors, Jesper Eklund<\/p>\n<p>Valberedningen: Carolina Rundberg, Kevin Str\u00f6mvall och \u00c5sa Jahnke Stephens<\/p>\n<p><\/p><\/div><div class=\"col-sm-5\">\n<h4>Inplanerade styrelsem\u00f6ten 2025<\/h4>\n<p><em>Torsdag 5 mars<br \/>\nTorsdag 9 april<br \/>\n<del>Torsdag 7 maj<\/del><br \/>\nTorsdag 15 juni<br \/>\nTorsdag 13 augusti<br \/>\nTorsdag 3 september<br \/>\nTisdag 29 september<br \/>\nTorsdag 5 november<br \/>\nTisdag 8 december<br \/>\n<\/em><\/p>\n<p><\/p><\/div><\/div>\n<p>&nbsp;<\/p>\n<p>&nbsp;<\/p>\n<p>Har du fr\u00e5gor till\u00a0klubbstyrelsen?<strong><br \/>\n<\/strong>Anv\u00e4nd v\u00e5rt\u00a0<span style=\"color: #c51137;\"><a style=\"color: #c51137;\" href=\"https:\/\/www.kungsorsbhk.com\/wp\/e-post\/\">kontaktformul\u00e4r<\/a><\/span>\u00a0och v\u00e4lj <strong><em>Styrelsen<\/em><\/strong>\u00a0som den du vill kontakta.<\/p>\n<p>&nbsp;<\/p>\n","protected":false},"excerpt":{"rendered":"<p>&nbsp; &nbsp; Har du fr\u00e5gor till\u00a0klubbstyrelsen? Anv\u00e4nd v\u00e5rt\u00a0kontaktformul\u00e4r\u00a0och v\u00e4lj Styrelsen\u00a0som den du vill kontakta. &nbsp;<\/p>\n","protected":false},"author":1,"featured_media":0,"parent":0,"menu_order":0,"comment_status":"closed","ping_status":"closed","template":"","meta":{"footnotes":""},"class_list":["post-39","page","type-page","status-publish","hentry"],"_links":{"self":[{"href":"https:\/\/www.kungsorsbhk.com\/wp\/wp-json\/wp\/v2\/pages\/39","targetHints":{"allow":["GET"]}}],"collection":[{"href":"https:\/\/www.kungsorsbhk.com\/wp\/wp-json\/wp\/v2\/pages"}],"about":[{"href":"https:\/\/www.kungsorsbhk.com\/wp\/wp-json\/wp\/v2\/types\/page"}],"author":[{"embeddable":true,"href":"https:\/\/www.kungsorsbhk.com\/wp\/wp-json\/wp\/v2\/users\/1"}],"replies":[{"embeddable":true,"href":"https:\/\/www.kungsorsbhk.com\/wp\/wp-json\/wp\/v2\/comments?post=39"}],"version-history":[{"count":10,"href":"https:\/\/www.kungsorsbhk.com\/wp\/wp-json\/wp\/v2\/pages\/39\/revisions"}],"predecessor-version":[{"id":5455,"href":"https:\/\/www.kungsorsbhk.com\/wp\/wp-json\/wp\/v2\/pages\/39\/revisions\/5455"}],"wp:attachment":[{"href":"https:\/\/www.kungsorsbhk.com\/wp\/wp-json\/wp\/v2\/media?parent=39"}],"curies":[{"name":"wp","href":"https:\/\/api.w.org\/{rel}","templated":true}]}}