{"id":4043,"date":"2026-04-25T15:00:05","date_gmt":"2026-04-25T13:00:05","guid":{"rendered":"http:\/\/www.kungsorsbhk.com\/wp\/?page_id=4043"},"modified":"2026-04-28T12:43:58","modified_gmt":"2026-04-28T10:43:58","slug":"nyhetsbrevet","status":"publish","type":"page","link":"https:\/\/www.kungsorsbhk.com\/wp\/nyhetsbrevet\/","title":{"rendered":"Nyhetsbrevet"},"content":{"rendered":"<h4>H\u00e4r hittar du klubbens publicerade Nyhetsbrev.<\/h4>\n<hr \/>\n<h4>2026<\/h4>\n<p><a href=\"https:\/\/mailchi.mp\/50ff5e04e609\/nyhetsbrev-2020-17452624?e=04dd8391e8\"><span style=\"color: #c51137;\"><span style=\"text-decoration: underline;\">Nyhetsbrevet 2026-apr<\/span><\/span><\/a>\u00a0 \u00a0 OBS sekreterarmailen i utskicket \u00e4r fel. Ska vara sekreterare@kungsorsbhk.com<\/p>\n<p><a href=\"https:\/\/mailchi.mp\/e8b365b59d48\/nyhetsbrev-2020-17451209?e=04dd8391e8\"><span style=\"color: #c51137;\"><span style=\"text-decoration: underline;\">Nyhetsbrevet 2026-mar<\/span><\/span><\/a><\/p>\n<p><span style=\"color: #c51137;\"><a style=\"color: #c51137;\" href=\"https:\/\/mailchi.mp\/8a051603869c\/nyhetsbrev-2020-17450816?e=04dd8391e8\" target=\"_blank\" rel=\"noopener\">Nyhetsbrevet \u00c5rsm\u00f6te 2026-feb<\/a><\/span><\/p>\n<p><span style=\"color: #c51137;\"><a style=\"color: #c51137;\" href=\"https:\/\/mailchi.mp\/4b5355b10052\/nyhetsbrev-2020-17450452?e=04dd8391e8\" target=\"_blank\" rel=\"noopener\">Nyhetsbrevet Kallelse \u00e5rsm\u00f6te 2026-jan<\/a><\/span><\/p>\n<h4><\/h4>\n<h4>2025<\/h4>\n<p><span style=\"color: #c51137;\"><a style=\"color: #c51137;\" href=\"https:\/\/mailchi.mp\/e92c7c56ffa3\/nyhetsbrev-2020-17449847?e=04dd8391e8\" target=\"_blank\" rel=\"noopener\">Nyhetsbrevet 2025-dec<\/a><\/span><\/p>\n<p><span style=\"color: #c51137;\"><a style=\"color: #c51137;\" href=\"https:\/\/mailchi.mp\/e13a5bf46c63\/nyhetsbrev-2020-17447459?e=04dd8391e8\" target=\"_blank\" rel=\"noopener\">Nyhetsbrevet 2025-Sep<\/a><\/span><\/p>\n<p><span style=\"color: #c51137;\"><a style=\"color: #c51137;\" href=\"https:\/\/mailchi.mp\/ca77a93245e8\/nyhetsbrev-2020-17447207?e=04dd8391e8\" target=\"_blank\" rel=\"noopener\">Nyhetsbrevet 2025-Aug<\/a><\/span><\/p>\n<p><span style=\"color: #c51137;\"><a style=\"color: #c51137;\" href=\"https:\/\/mailchi.mp\/c382523199f9\/nyhetsbrev-2020-17441187?e=04dd8391e8\" target=\"_blank\" rel=\"noopener\">Nyhetsbrevet 2025-1<\/a><\/span><\/p>\n<h4><\/h4>\n<h4>2024<\/h4>\n<p><span style=\"color: #c51137;\"><a style=\"color: #c51137;\" href=\"https:\/\/mailchi.mp\/7f81bbcb5dde\/nyhetsbrev-2020-17439842?e=04dd8391e8\" target=\"_blank\" rel=\"noopener\">Nyhetsbrevet 2024-13<\/a><\/span><\/p>\n<p><span style=\"color: #c51137;\"><a style=\"color: #c51137;\" href=\"https:\/\/mailchi.mp\/ca2573d21f91\/nyhetsbrev-2020-17439335?e=04dd8391e8\" target=\"_blank\" rel=\"noopener\">Nyhetsbrevet 2024-12<\/a><\/span><\/p>\n<p><span style=\"color: #c51137;\"><a style=\"color: #c51137;\" href=\"https:\/\/mailchi.mp\/0f263a96fc7d\/nyhetsbrev-2020-17439017?e=04dd8391e8\" target=\"_blank\" rel=\"noopener\">Nyhetsbrevet 2024-11<\/a><\/span><\/p>\n<p><span style=\"color: #c51137;\"><a style=\"color: #c51137;\" href=\"https:\/\/mailchi.mp\/1bebc2249e39\/nyhetsbrev-2020-17438627?e=04dd8391e8\" target=\"_blank\" rel=\"noopener\">Nyhetsbrevet 2024-10<\/a><\/span><\/p>\n<p><span style=\"color: #c51137;\"><a style=\"color: #c51137;\" href=\"https:\/\/mailchi.mp\/fd1051ace189\/nyhetsbrev-2020-17308076?e=04dd8391e8\" target=\"_blank\" rel=\"noopener\">Nyhetsbrevet 2024-9<\/a><\/span><\/p>\n<p><span style=\"color: #c51137;\"><a style=\"color: #c51137;\" href=\"https:\/\/mailchi.mp\/ef6af5ab53ce\/nyhetsbrev-2020-17305388?e=04dd8391e8\" target=\"_blank\" rel=\"noopener\">Nyhetsbrevet 2024-8<\/a><\/span><\/p>\n<p><span style=\"color: #c51137;\"><a style=\"color: #c51137;\" href=\"https:\/\/mailchi.mp\/7a4df3d2be4e\/nyhetsbrev-2020-17171552?e=04dd8391e8\" target=\"_blank\" rel=\"noopener\">Nyhetsbrevet 2024-7<\/a><\/span><\/p>\n<p><span style=\"color: #c51137;\"><a style=\"color: #c51137;\" href=\"https:\/\/mailchi.mp\/45ab76c230a4\/nyhetsbrev-2020-16625259?e=04dd8391e8\" target=\"_blank\" rel=\"noopener\">Nyhetsbrevet 2024-6<\/a><\/span><\/p>\n<p><span style=\"color: #c51137;\"><a style=\"color: #c51137;\" href=\"https:\/\/mailchi.mp\/2aa4c6c95384\/nyhetsbrev-2020-16624323?e=04dd8391e8\" target=\"_blank\" rel=\"noopener\">Nyhetsbrevet 2024-5<\/a><\/span><\/p>\n<p><span style=\"color: #c51137;\"><a style=\"color: #c51137;\" href=\"https:\/\/mailchi.mp\/e768b11b31a2\/nyhetsbrev-2020-16620111?e=04dd8391e8\" target=\"_blank\" rel=\"noopener\">Nyhetsbrevet 2024-4<\/a><\/span><\/p>\n<p><span style=\"color: #c51137;\"><a style=\"color: #c51137;\" href=\"https:\/\/mailchi.mp\/18a463ae9b4b\/nyhetsbrev-2020-16619203?e=04dd8391e8\" target=\"_blank\" rel=\"noopener\">Nyhetsbrevet 2024-3<\/a><\/span><\/p>\n<p><span style=\"color: #c51137;\"><a style=\"color: #c51137;\" href=\"https:\/\/mailchi.mp\/edc7bc76463b\/nyhetsbrev-2020-16618191?e=04dd8391e8\" target=\"_blank\" rel=\"noopener\">Nyhetsbrevet 2024-2<\/a><\/span><\/p>\n<p><span style=\"color: #c51137;\"><a style=\"color: #c51137;\" href=\"https:\/\/mailchi.mp\/a7ff095571ab\/nyhetsbrev-2020-16615711?e=04dd8391e8\" target=\"_blank\" rel=\"noopener\">Nyhetsbrevet 2024-1<\/a><\/span><\/p>\n<hr \/>\n<h4>2023<\/h4>\n<p><span style=\"color: #c51137;\"><a style=\"color: #c51137;\" href=\"https:\/\/mailchi.mp\/39688a623da1\/nyhetsbrev-2020-16046227?e=09835cbedb\" target=\"_blank\" rel=\"noopener\">Nyhetsbrevet 2023-14<\/a><\/span><\/p>\n<p><span style=\"color: #c51137;\"><a style=\"color: #c51137;\" href=\"https:\/\/mailchi.mp\/0276e21a4d57\/nyhetsbrev-2020-15599991?e=09835cbedb\" target=\"_blank\" rel=\"noopener\">Nyhetsbrevet 2023-13<\/a><\/span><\/p>\n<p><span style=\"color: #c51137;\"><a style=\"color: #c51137;\" href=\"https:\/\/mailchi.mp\/418f16624bf0\/nyhetsbrev-2020-15597439?e=09835cbedb\" target=\"_blank\" rel=\"noopener\">Nyhetsbrevet 2023-12<\/a><\/span><\/p>\n<p><span style=\"color: #c51137;\"><a style=\"color: #c51137;\" href=\"https:\/\/mailchi.mp\/325a74dc679e\/nyhetsbrev-2020-15592035?e=09835cbedb\" target=\"_blank\" rel=\"noopener\">Nyhetsbrevet 2023-11<\/a><\/span><\/p>\n<p><span style=\"color: #c51137;\"><a style=\"color: #c51137;\" href=\"https:\/\/mailchi.mp\/e9c5f00bb4ff\/nyhetsbrev-2020-15587023?e=09835cbedb\" target=\"_blank\" rel=\"noopener\">Nyhetsbrevet 2023-10<\/a><\/span><\/p>\n<p><span style=\"color: #c51137;\"><a style=\"color: #c51137;\" href=\"https:\/\/mailchi.mp\/c05a14e1f623\/nyhetsbrev-2020-15586991?e=09835cbedb\" target=\"_blank\" rel=\"noopener\">Nyhetsbrevet 2023-9<\/a><\/span><\/p>\n<p><span style=\"color: #c51137;\"><a style=\"color: #c51137;\" href=\"https:\/\/mailchi.mp\/aa382c34d2d7\/nyhetsbrev-2020-15586104?e=09835cbedb\" target=\"_blank\" rel=\"noopener\">Nyhetsbrevet 2023-8<\/a><\/span><\/p>\n<p><span style=\"color: #c51137;\"><a style=\"color: #c51137;\" href=\"https:\/\/mailchi.mp\/223125bab043\/nyhetsbrev-2020-15579512?e=09835cbedb\" target=\"_blank\" rel=\"noopener\">Nyhetsbrevet 2023-7<\/a><\/span><\/p>\n<p><span style=\"color: #c51137;\"><a style=\"color: #c51137;\" href=\"https:\/\/mailchi.mp\/f7f55b42ed4f\/nyhetsbrev-2020-15579204?e=09835cbedb\" target=\"_blank\" rel=\"noopener noreferrer\">Nyhetsbrevet 2023-6<\/a><\/span><\/p>\n<p><span style=\"color: #c51137;\"><a style=\"color: #c51137;\" href=\"https:\/\/mailchi.mp\/702cd9e69627\/nyhetsbrev-2020-15576828?e=09835cbedb\" target=\"_blank\" rel=\"noopener noreferrer\">Nyhetsbrevet 2023-5<\/a><\/span><\/p>\n<p><span style=\"color: #c51137;\"><a style=\"color: #c51137;\" href=\"https:\/\/mailchi.mp\/949c60d06693\/nyhetsbrev-2020-15574092?e=09835cbedb\" target=\"_blank\" rel=\"noopener noreferrer\">Nyhetsbrevet 2023-4<\/a><\/span><\/p>\n<p><span style=\"color: #c51137;\"><a style=\"color: #c51137;\" href=\"https:\/\/mailchi.mp\/8b9904d67bf8\/nyhetsbrev-2020-15569372?e=09835cbedb\" target=\"_blank\" rel=\"noopener noreferrer\">Nyhetsbrevet 2023-3<\/a><\/span><\/p>\n<p><span style=\"color: #c51137;\"><a style=\"color: #c51137;\" href=\"https:\/\/mailchi.mp\/e39e417c210d\/nyhetsbrev-2020-15564884?e=09835cbedb\" target=\"_blank\" rel=\"noopener noreferrer\">Nyhetsbrevet 2023-2<\/a><\/span><\/p>\n<p><span style=\"color: #c51137;\"><a style=\"color: #c51137;\" href=\"https:\/\/mailchi.mp\/be8ae4110dc6\/nyhetsbrev-2020-15560124?e=09835cbedb\" target=\"_blank\" rel=\"noopener noreferrer\">Nyhetsbrevet 2023-1<\/a><\/span><\/p>\n<hr \/>\n<h4>2022<\/h4>\n<p><span style=\"color: #c51137;\"><a style=\"color: #c51137;\" href=\"https:\/\/mailchi.mp\/927f4502e771\/nyhetsbrev-2020-15555112?e=09835cbedb\" target=\"_blank\" rel=\"noopener noreferrer\">Nyhetsbrevet 2022-12<\/a><\/span><\/p>\n<p><span style=\"color: #c51137;\"><a style=\"color: #c51137;\" href=\"https:\/\/mailchi.mp\/d991c10fb6aa\/nyhetsbrev-2020-15549276?e=09835cbedb\" target=\"_blank\" rel=\"noopener noreferrer\">Nyhetsbrevet 2022-11<\/a><\/span><\/p>\n<p><span style=\"color: #c51137;\"><a style=\"color: #c51137;\" href=\"https:\/\/mailchi.mp\/28edb59909ef\/nyhetsbrev-2020-15512672?e=09835cbedb\" target=\"_blank\" rel=\"noopener noreferrer\">Nyhetsbrevet 2022-10<\/a><\/span><\/p>\n<p><span style=\"color: #c51137;\"><a style=\"color: #c51137;\" href=\"https:\/\/mailchi.mp\/385764c6ffda\/nyhetsbrev-2020-15512252?e=09835cbedb\" target=\"_blank\" rel=\"noopener noreferrer\">Nyhetsbrevet 2022-9<\/a><\/span><\/p>\n<p><span style=\"color: #c51137;\"><a style=\"color: #c51137;\" href=\"https:\/\/mailchi.mp\/30ab39875353\/nyhetsbrev-2020-15506448?e=09835cbedb\" target=\"_blank\" rel=\"noopener noreferrer\">Nyhetsbrevet 2022-8<\/a><\/span><\/p>\n<p><span style=\"color: #c51137;\"><a style=\"color: #c51137;\" href=\"https:\/\/mailchi.mp\/79902edc3427\/nyhetsbrev-2020-15500648?e=09835cbedb\" target=\"_blank\" rel=\"noopener noreferrer\">Nyhetsbrevet 2022-7<\/a><\/span><\/p>\n<p><span style=\"color: #c51137;\"><a style=\"color: #c51137;\" href=\"https:\/\/mailchi.mp\/20dfa77eba58\/nyhetsbrev-2020-15497052?e=09835cbedb\" target=\"_blank\" rel=\"noopener noreferrer\">Nyhetsbrevet 2022-6<\/a><\/span><\/p>\n<p><span style=\"color: #c51137;\"><a style=\"color: #c51137;\" href=\"https:\/\/mailchi.mp\/1b38a295d660\/nyhetsbrev-2020-15434480?e=09835cbedb\" target=\"_blank\" rel=\"noopener noreferrer\">Nyhetsbrevet 2022-5<\/a><\/span><\/p>\n<p><span style=\"color: #c51137;\"><a style=\"color: #c51137;\" href=\"https:\/\/mailchi.mp\/aadb329ab029\/nyhetsbrev-2020-15432164?e=09835cbedb\" target=\"_blank\" rel=\"noopener noreferrer\">Nyhetsbrevet 2022-4<\/a><\/span><\/p>\n<p><span style=\"color: #c51137;\"><a style=\"color: #c51137;\" href=\"https:\/\/mailchi.mp\/14d3abe4d9f5\/nyhetsbrev-2020-15423664?e=09835cbedb\" target=\"_blank\" rel=\"noopener noreferrer\">Nyhetsbrevet 2022-3<\/a><\/span><\/p>\n<p><span style=\"color: #c51137;\"><a style=\"color: #c51137;\" href=\"https:\/\/mailchi.mp\/e6c68231b9b2\/nyhetsbrev-2020-14269484?e=09835cbedb\" target=\"_blank\" rel=\"noopener noreferrer\">Nyhetsbrevet 2022-2<\/a><\/span><\/p>\n<p><span style=\"color: #c51137;\"><a style=\"color: #c51137;\" href=\"https:\/\/mailchi.mp\/8fbb06b61682\/nyhetsbrev-2020-7101662?e=09835cbedb\" target=\"_blank\" rel=\"noopener noreferrer\">Nyhetsbrevet 2022-1<\/a><\/span><\/p>\n<hr \/>\n<h4>2021<\/h4>\n<p><span style=\"color: #c51137;\"><a style=\"color: #c51137;\" href=\"https:\/\/mailchi.mp\/ce1ea7e6c1eb\/nyhetsbrev-2020-5982902?e=09835cbedb\" target=\"_blank\" rel=\"noopener noreferrer\">Nyhetsbrevet 2021-9<\/a><\/span><\/p>\n<p><span style=\"color: #c51137;\"><a style=\"color: #c51137;\" href=\"https:\/\/mailchi.mp\/36855ba52081\/nyhetsbrev-2020-5975142?e=2d1a3e73b1\" target=\"_blank\" rel=\"noopener noreferrer\">Nyhetsbrevet 2021-8<\/a><\/span><\/p>\n<p><span style=\"color: #c51137;\"><a style=\"color: #c51137;\" href=\"https:\/\/mailchi.mp\/9af717a93e2c\/nyhetsbrev-2020-5968986?e=2d1a3e73b1\" target=\"_blank\" rel=\"noopener noreferrer\">Nyhetsbrevet 2021-7<\/a><\/span><\/p>\n<p><span style=\"color: #c51137;\"><a style=\"color: #c51137;\" href=\"https:\/\/mailchi.mp\/cd18bdec3df2\/nyhetsbrev-2020-5961242?e=2d1a3e73b1\" target=\"_blank\" rel=\"noopener noreferrer\">Nyhetsbrevet 2021-6<\/a><\/span><\/p>\n<p><span style=\"color: #c51137;\"><a style=\"color: #c51137;\" href=\"https:\/\/mailchi.mp\/86baf1f2b9b2\/nyhetsbrev-2020-5947790?e=2d1a3e73b1\" target=\"_blank\" rel=\"noopener noreferrer\">Nyhetsbrevet 2021-5<\/a><\/span><\/p>\n<p><span style=\"color: #c51137;\"><a style=\"color: #c51137;\" href=\"https:\/\/mailchi.mp\/cdfbf143c5ea\/nyhetsbrev-2020-5937066?e=2d1a3e73b1\" target=\"_blank\" rel=\"noopener noreferrer\">Nyhetsbrevet 2021-4<\/a><\/span><\/p>\n<p><span style=\"color: #c51137;\"><a style=\"color: #c51137;\" href=\"https:\/\/mailchi.mp\/8747746a5a5c\/nyhetsbrev-2020-5927122?e=2d1a3e73b1\" target=\"_blank\" rel=\"noopener noreferrer\">Nyhetsbrevet 2021-3<\/a><\/span><\/p>\n<p><span style=\"color: #c51137;\"><a style=\"color: #c51137;\" href=\"https:\/\/mailchi.mp\/0b0701ae3fdd\/nyhetsbrev-2020-5918814?e=09835cbedb\" target=\"_blank\" rel=\"noopener noreferrer\">Nyhetsbrevet 2021-2<\/a><\/span><\/p>\n<p><span style=\"color: #c51137;\"><a style=\"color: #c51137;\" href=\"https:\/\/mailchi.mp\/b2aac90505ea\/nyhetsbrev-2020-5910686?e=09835cbedb\" target=\"_blank\" rel=\"noopener noreferrer\">Nyhetsbrevet 2021-1<\/a><\/span><\/p>\n<p>&nbsp;<\/p>\n<hr \/>\n<h4>2020<\/h4>\n<p><span style=\"color: #c51137;\"><a style=\"color: #c51137;\" href=\"https:\/\/mailchi.mp\/bd4517ca7d16\/nyhetsbrev-2020-5858634?e=09835cbedb\" target=\"_blank\" rel=\"noopener noreferrer\">Nyhetsbrevet 2020-7<\/a><\/span><\/p>\n<p><span style=\"color: #c51137;\"><a style=\"color: #c51137;\" href=\"https:\/\/mailchi.mp\/d6254b2932aa\/nyhetsbrev-2020-5846898?e=09835cbedb\" target=\"_blank\" rel=\"noopener noreferrer\">Nyhetsbrevet 2020-6<\/a><\/span><\/p>\n<p><span style=\"color: #c51137;\"><a style=\"color: #c51137;\" href=\"https:\/\/mailchi.mp\/ca7feec6aa12\/nyhetsbrev-2020-5830586?e=09835cbedb\" target=\"_blank\" rel=\"noopener noreferrer\">Nyhetsbrevet 2020-5<\/a><\/span><\/p>\n<p><span style=\"color: #c51137;\"><a style=\"color: #c51137;\" href=\"https:\/\/mailchi.mp\/22522b2746b3\/nyhetsbrev-2020-4834421?e=09835cbedb\" target=\"_blank\" rel=\"noopener noreferrer\">Nyhetsbrevet 2020-4<\/a><\/span><\/p>\n<p><span style=\"color: #c51137;\"><a style=\"color: #c51137;\" href=\"https:\/\/mailchi.mp\/b667cbd3dd5c\/nyhetsbrev-2020-3?e=09835cbedb\" target=\"_blank\" rel=\"noopener noreferrer\">Nyhetsbrevet 2020-3<\/a><\/span><\/p>\n<p><span style=\"color: #c51137;\"><a style=\"color: #c51137;\" href=\"https:\/\/mailchi.mp\/ef1311aa3101\/nyhetsbrev-2020-2?e=09835cbedb\" target=\"_blank\" rel=\"noopener noreferrer\">Nyhetsbrevet 2020-2<\/a><\/span><\/p>\n<p><span style=\"color: #c51137;\"><a style=\"color: #c51137;\" href=\"https:\/\/drive.google.com\/open?id=1JKQB7cdfYrFw887OOB_RVqDDAd-Dnatb\" target=\"_blank\" rel=\"noopener noreferrer\">Nyhetsbrevet 2020-1<\/a><\/span><\/p>\n<p>&nbsp;<\/p>\n<p>&nbsp;<\/p>\n<p>&nbsp;<\/p>\n<p>&nbsp;<\/p>\n<p>&nbsp;<\/p>\n<p>&nbsp;<\/p>\n","protected":false},"excerpt":{"rendered":"<p>H\u00e4r hittar du klubbens publicerade Nyhetsbrev. 2026 Nyhetsbrevet 2026-apr\u00a0 \u00a0 OBS sekreterarmailen i utskicket \u00e4r fel. Ska vara sekreterare@kungsorsbhk.com Nyhetsbrevet 2026-mar Nyhetsbrevet \u00c5rsm\u00f6te 2026-feb Nyhetsbrevet Kallelse \u00e5rsm\u00f6te 2026-jan 2025 Nyhetsbrevet 2025-dec Nyhetsbrevet 2025-Sep Nyhetsbrevet 2025-Aug Nyhetsbrevet 2025-1 2024 Nyhetsbrevet 2024-13 Nyhetsbrevet 2024-12 Nyhetsbrevet 2024-11 Nyhetsbrevet 2024-10 Nyhetsbrevet 2024-9 Nyhetsbrevet 2024-8 Nyhetsbrevet 2024-7 Nyhetsbrevet 2024-6 Nyhetsbrevet 2024-5 Nyhetsbrevet 2024-4 Nyhetsbrevet 2024-3 Nyhetsbrevet 2024-2 Nyhetsbrevet 2024-1 2023 Nyhetsbrevet 2023-14 Nyhetsbrevet 2023-13 Nyhetsbrevet&#8230;<\/p>\n","protected":false},"author":1,"featured_media":0,"parent":0,"menu_order":0,"comment_status":"closed","ping_status":"closed","template":"","meta":{"footnotes":""},"class_list":["post-4043","page","type-page","status-publish","hentry"],"_links":{"self":[{"href":"https:\/\/www.kungsorsbhk.com\/wp\/wp-json\/wp\/v2\/pages\/4043","targetHints":{"allow":["GET"]}}],"collection":[{"href":"https:\/\/www.kungsorsbhk.com\/wp\/wp-json\/wp\/v2\/pages"}],"about":[{"href":"https:\/\/www.kungsorsbhk.com\/wp\/wp-json\/wp\/v2\/types\/page"}],"author":[{"embeddable":true,"href":"https:\/\/www.kungsorsbhk.com\/wp\/wp-json\/wp\/v2\/users\/1"}],"replies":[{"embeddable":true,"href":"https:\/\/www.kungsorsbhk.com\/wp\/wp-json\/wp\/v2\/comments?post=4043"}],"version-history":[{"count":16,"href":"https:\/\/www.kungsorsbhk.com\/wp\/wp-json\/wp\/v2\/pages\/4043\/revisions"}],"predecessor-version":[{"id":5464,"href":"https:\/\/www.kungsorsbhk.com\/wp\/wp-json\/wp\/v2\/pages\/4043\/revisions\/5464"}],"wp:attachment":[{"href":"https:\/\/www.kungsorsbhk.com\/wp\/wp-json\/wp\/v2\/media?parent=4043"}],"curies":[{"name":"wp","href":"https:\/\/api.w.org\/{rel}","templated":true}]}}