{"id":87,"date":"2015-09-23T14:34:38","date_gmt":"2015-09-23T12:34:38","guid":{"rendered":"http:\/\/www.kungsorsbhk.com\/wordpresstest\/?page_id=87"},"modified":"2026-03-03T19:59:29","modified_gmt":"2026-03-03T18:59:29","slug":"om-hundarena","status":"publish","type":"page","link":"https:\/\/www.kungsorsbhk.com\/wp\/om-hundarena\/","title":{"rendered":"Om Kungs\u00f6rs HundArena"},"content":{"rendered":"<div class=\"row\"><div class=\"col-sm-11\">\n<p>Kungs\u00f6rs HundArena \u00e4r en uppv\u00e4rmd inomhushall p\u00e5 c:a 1100m\u00b2 och som anv\u00e4nds till hundrelaterad verksamhet.<br \/>\nAnl\u00e4ggningen\u00a0best\u00e5r av en tr\u00e4ningshall, cafeteria\/teorilokal, kontor, samt tv\u00e5 toaletter (varav en \u00e4r handikappanpassad).<\/p>\n<p>Underlaget i tr\u00e4ningshallen\u00a0utg\u00f6rs av en konstgr\u00e4smatta med en extremt\u00a0t\u00e4t och slitstark gr\u00e4skvalitet, vilket ger bra f\u00e4ste f\u00f6r tassarna. Mattan \u00e4r inte fylld med sand eller gummikulor och har\u00a0egenskaper som p\u00e5minner mer om en fin naturgr\u00e4smatta. F\u00f6r att mattan ska vara extra skonsam mot hundens ben, ligger en 25mm tjock sviktpad under gr\u00e4set. Sviktpadden fungerar som st\u00f6td\u00e4mpare och ger extra energi i steget.<\/p>\n<p>Framf\u00f6rallt\u00a0under\u00a0vinterhalv\u00e5ret\u00a0har Kungs\u00f6rs Brukshundklubb\u00a0kurs- och\u00a0t\u00e4vlingsverksamhet i\u00a0hallen.\u00a0Ut\u00f6ver det hyrs hallen ut och kan <span style=\"color: #c51137;\"><a style=\"color: #c51137;\" href=\"https:\/\/www.kungsorsbhk.com\/wp\/bokning\/\">bokas<\/a><\/span> av privatpersoner, tr\u00e4ningsgrupper, f\u00f6reningar m.m. \u00e5ret runt.<\/p>\n<p>Kungs\u00f6rs HundArena drivs ideellt av medlemmarna i Kungs\u00f6rs Brukshundklubb och den dagliga verksamheten f\u00f6r anl\u00e4ggningen sk\u00f6ts av klubbens <span style=\"color: #c51137;\"><a style=\"color: #c51137;\" href=\"https:\/\/www.kungsorsbhk.com\/wp\/arbetsgrupper\/\">arbetsgrupp<\/a><\/span> f\u00f6r hallen.\u00a0Kungs\u00f6rs HundArena har funnits sedan 2010 och flyttade h\u00f6sten 2017 till nya lokaler. F\u00f6r aktuell bes\u00f6ksadress till Kungs\u00f6rs HundArena, se avsnittet <span style=\"color: #c51137;\"><a style=\"color: #c51137;\" href=\"https:\/\/www.kungsorsbhk.com\/wp\/adresser\/\">Adresser och karta<\/a><\/span>.<br \/>\n<span style=\"color: #ffffff;\">.<\/span><\/p>\n<p>F\u00f6r en \u00f6versikt \u00f6ver omr\u00e5det och parkeringsytorna, se denna <span style=\"color: #c51137;\"><a style=\"color: #c51137;\" href=\"https:\/\/www.kungsorsbhk.com\/wp\/wp-content\/uploads\/2018\/12\/Parkering_Kungsgatan10_2018-12-05.jpg\" target=\"_blank\" rel=\"noopener noreferrer\">\u00f6versiktskarta<\/a><\/span>.<\/p>\n<p>F\u00f6r en \u00f6versiktsplan inomhus med m\u00e5tts\u00e4ttningar, se denna <span style=\"color: #c51137;\"><a style=\"color: #c51137;\" href=\"https:\/\/www.kungsorsbhk.com\/wp\/wp-content\/uploads\/2019\/08\/HundArena2018_M\u00e5tt\u00f6versikt.png\">m\u00e5tt\u00f6versikt<\/a><\/span>.<\/p>\n<p>&nbsp;<\/p>\n<p><\/p><\/div><\/div>\n<p><strong>Bilder p\u00e5 anl\u00e4ggningen:\u00a0<\/strong><div class=\"row\"><div class=\"col-lg-10\">\n\n<div class=\"flexslider ssp_slider_default\" id=\"slider_2999\" data-slider_id=\"2999\" data-slider_options=\"{&quot;animation&quot;:&quot;slide&quot;,&quot;slideshow&quot;:true,&quot;h_responsive&quot;:true,&quot;height&quot;:&quot;&quot;,&quot;w_responsive&quot;:true,&quot;width&quot;:&quot;&quot;,&quot;direction&quot;:&quot;horizontal&quot;,&quot;cycle_speed&quot;:&quot;6&quot;,&quot;animation_speed&quot;:&quot;0.7&quot;,&quot;control_nav&quot;:true,&quot;direction_nav&quot;:true,&quot;keyboard_nav&quot;:true,&quot;touch_nav&quot;:true,&quot;caption_box&quot;:true,&quot;linkable&quot;:true,&quot;pause_on_hover&quot;:true,&quot;chrome&quot;:true,&quot;thumbnail_navigation&quot;:false}\">\n\n<ul class=\"slides ssp_slider wsp_default_skin\">\n\n  <li class=\"slide\" data-thumb=\"http:\/\/www.kungsorsbhk.com\/wp\/wp-content\/uploads\/2016\/06\/Hallen2017_1-300x169.jpg\">\n\n        \n                  <a href=\"http:\/\/www.kungsorsbhk.com\/wp\/wp-content\/uploads\/2016\/06\/Hallen2017_1.jpg\" target=\"_self\"><img decoding=\"async\" class=\"slide_image\" src=\"http:\/\/www.kungsorsbhk.com\/wp\/wp-content\/uploads\/2016\/06\/Hallen2017_1.jpg\" \/><\/a>\n          \n                  <p class=\"flex-caption\">\n                      <a href=\"http:\/\/www.kungsorsbhk.com\/wp\/wp-content\/uploads\/2016\/06\/Hallen2017_1.jpg\">\n              <strong>2017-10-16 - Entr\u00e9n<\/strong>\n            <\/a>\n                  <\/p>\n          \n    \n  <\/li>\n  <li class=\"slide\" data-thumb=\"http:\/\/www.kungsorsbhk.com\/wp\/wp-content\/uploads\/2018\/08\/HallAug2018_1-300x169.jpg\">\n\n        \n                  <a href=\"http:\/\/www.kungsorsbhk.com\/wp\/wp-content\/uploads\/2018\/08\/HallAug2018_1.jpg\" target=\"_self\"><img decoding=\"async\" class=\"slide_image\" src=\"http:\/\/www.kungsorsbhk.com\/wp\/wp-content\/uploads\/2018\/08\/HallAug2018_1.jpg\" \/><\/a>\n          \n                  <p class=\"flex-caption\">\n                      <a href=\"http:\/\/www.kungsorsbhk.com\/wp\/wp-content\/uploads\/2018\/08\/HallAug2018_1.jpg\">\n              <strong>2018-08-12 - Vy mot hinderparken fr\u00e5n entr\u00e9n<\/strong>\n            <\/a>\n                  <\/p>\n          \n    \n  <\/li>\n  <li class=\"slide\" data-thumb=\"http:\/\/www.kungsorsbhk.com\/wp\/wp-content\/uploads\/2018\/08\/HallAug2018_2-300x169.jpg\">\n\n        \n                  <a href=\"http:\/\/www.kungsorsbhk.com\/wp\/wp-content\/uploads\/2018\/08\/HallAug2018_2.jpg\" target=\"_self\"><img decoding=\"async\" class=\"slide_image\" src=\"http:\/\/www.kungsorsbhk.com\/wp\/wp-content\/uploads\/2018\/08\/HallAug2018_2.jpg\" \/><\/a>\n          \n                  <p class=\"flex-caption\">\n                      <a href=\"http:\/\/www.kungsorsbhk.com\/wp\/wp-content\/uploads\/2018\/08\/HallAug2018_2.jpg\">\n              <strong>2018-08-12 - Vy mot l\u00e4ktare och t\u00e4vlingsing\u00e5ng fr\u00e5n hinderparken<\/strong>\n            <\/a>\n                  <\/p>\n          \n    \n  <\/li>\n  <li class=\"slide\" data-thumb=\"http:\/\/www.kungsorsbhk.com\/wp\/wp-content\/uploads\/2018\/08\/HallAug2018_3-300x169.jpg\">\n\n        \n                  <a href=\"http:\/\/www.kungsorsbhk.com\/wp\/wp-content\/uploads\/2018\/08\/HallAug2018_3.jpg\" target=\"_self\"><img decoding=\"async\" class=\"slide_image\" src=\"http:\/\/www.kungsorsbhk.com\/wp\/wp-content\/uploads\/2018\/08\/HallAug2018_3.jpg\" \/><\/a>\n          \n                  <p class=\"flex-caption\">\n                      <a href=\"http:\/\/www.kungsorsbhk.com\/wp\/wp-content\/uploads\/2018\/08\/HallAug2018_3.jpg\">\n              <strong>2018-08-12 - Vy mot tr\u00e4ningsplanen fr\u00e5n hinderparken<\/strong>\n            <\/a>\n                  <\/p>\n          \n    \n  <\/li>\n  <li class=\"slide\" data-thumb=\"http:\/\/www.kungsorsbhk.com\/wp\/wp-content\/uploads\/2018\/08\/HallAug2018_4-300x169.jpg\">\n\n        \n                  <a href=\"http:\/\/www.kungsorsbhk.com\/wp\/wp-content\/uploads\/2018\/08\/HallAug2018_4.jpg\" target=\"_self\"><img decoding=\"async\" class=\"slide_image\" src=\"http:\/\/www.kungsorsbhk.com\/wp\/wp-content\/uploads\/2018\/08\/HallAug2018_4.jpg\" \/><\/a>\n          \n                  <p class=\"flex-caption\">\n                      <a href=\"http:\/\/www.kungsorsbhk.com\/wp\/wp-content\/uploads\/2018\/08\/HallAug2018_4.jpg\">\n              <strong>2018-08-12 - Vy mot entr\u00e9n fr\u00e5n hinderparken<\/strong>\n            <\/a>\n                  <\/p>\n          \n    \n  <\/li>\n  <li class=\"slide\" data-thumb=\"http:\/\/www.kungsorsbhk.com\/wp\/wp-content\/uploads\/2018\/08\/HallAug2018_5-300x169.jpg\">\n\n        \n                  <a href=\"http:\/\/www.kungsorsbhk.com\/wp\/wp-content\/uploads\/2018\/08\/HallAug2018_5.jpg\" target=\"_self\"><img decoding=\"async\" class=\"slide_image\" src=\"http:\/\/www.kungsorsbhk.com\/wp\/wp-content\/uploads\/2018\/08\/HallAug2018_5.jpg\" \/><\/a>\n          \n                  <p class=\"flex-caption\">\n                      <a href=\"http:\/\/www.kungsorsbhk.com\/wp\/wp-content\/uploads\/2018\/08\/HallAug2018_5.jpg\">\n              <strong>2018-08-12 - Cafeteria\/Teorilokal<\/strong>\n            <\/a>\n                  <\/p>\n          \n    \n  <\/li>\n  <li class=\"slide\" data-thumb=\"http:\/\/www.kungsorsbhk.com\/wp\/wp-content\/uploads\/2018\/08\/HallAug2018_6-300x169.jpg\">\n\n        \n                  <a href=\"http:\/\/www.kungsorsbhk.com\/wp\/wp-content\/uploads\/2018\/08\/HallAug2018_6.jpg\" target=\"_self\"><img decoding=\"async\" class=\"slide_image\" src=\"http:\/\/www.kungsorsbhk.com\/wp\/wp-content\/uploads\/2018\/08\/HallAug2018_6.jpg\" \/><\/a>\n          \n                  <p class=\"flex-caption\">\n                      <a href=\"http:\/\/www.kungsorsbhk.com\/wp\/wp-content\/uploads\/2018\/08\/HallAug2018_6.jpg\">\n              <strong>2018-08-12 - Cafeteria\/Teorilokal<\/strong>\n            <\/a>\n                  <\/p>\n          \n    \n  <\/li>\n  <li class=\"slide\" data-thumb=\"http:\/\/www.kungsorsbhk.com\/wp\/wp-content\/uploads\/2016\/06\/Hallen2017_8-300x169.jpg\">\n\n        \n                  <a href=\"http:\/\/www.kungsorsbhk.com\/wp\/wp-content\/uploads\/2016\/06\/Hallen2017_8.jpg\" target=\"_self\"><img decoding=\"async\" class=\"slide_image\" src=\"http:\/\/www.kungsorsbhk.com\/wp\/wp-content\/uploads\/2016\/06\/Hallen2017_8.jpg\" \/><\/a>\n          \n                  <p class=\"flex-caption\">\n                      <a href=\"http:\/\/www.kungsorsbhk.com\/wp\/wp-content\/uploads\/2016\/06\/Hallen2017_8.jpg\">\n              <strong>2017-10-16 - T\u00e4vlingsing\u00e5ngen runt h\u00f6rnet fr\u00e5n entr\u00e9n<\/strong>\n            <\/a>\n                  <\/p>\n          \n    \n  <\/li>\n\n<\/ul>\n\n<\/div>\n<p><\/p><\/div><\/div><\/p>\n<p>&nbsp;<\/p>\n","protected":false},"excerpt":{"rendered":"<p>Bilder p\u00e5 anl\u00e4ggningen:\u00a0 &nbsp;<\/p>\n","protected":false},"author":1,"featured_media":0,"parent":0,"menu_order":0,"comment_status":"closed","ping_status":"closed","template":"","meta":{"footnotes":""},"class_list":["post-87","page","type-page","status-publish","hentry"],"_links":{"self":[{"href":"https:\/\/www.kungsorsbhk.com\/wp\/wp-json\/wp\/v2\/pages\/87","targetHints":{"allow":["GET"]}}],"collection":[{"href":"https:\/\/www.kungsorsbhk.com\/wp\/wp-json\/wp\/v2\/pages"}],"about":[{"href":"https:\/\/www.kungsorsbhk.com\/wp\/wp-json\/wp\/v2\/types\/page"}],"author":[{"embeddable":true,"href":"https:\/\/www.kungsorsbhk.com\/wp\/wp-json\/wp\/v2\/users\/1"}],"replies":[{"embeddable":true,"href":"https:\/\/www.kungsorsbhk.com\/wp\/wp-json\/wp\/v2\/comments?post=87"}],"version-history":[{"count":2,"href":"https:\/\/www.kungsorsbhk.com\/wp\/wp-json\/wp\/v2\/pages\/87\/revisions"}],"predecessor-version":[{"id":5422,"href":"https:\/\/www.kungsorsbhk.com\/wp\/wp-json\/wp\/v2\/pages\/87\/revisions\/5422"}],"wp:attachment":[{"href":"https:\/\/www.kungsorsbhk.com\/wp\/wp-json\/wp\/v2\/media?parent=87"}],"curies":[{"name":"wp","href":"https:\/\/api.w.org\/{rel}","templated":true}]}}