{"id":970,"date":"2015-12-14T20:25:26","date_gmt":"2015-12-14T19:25:26","guid":{"rendered":"http:\/\/www.kungsorsbhk.com\/wp\/?page_id=970"},"modified":"2026-02-23T19:13:41","modified_gmt":"2026-02-23T18:13:41","slug":"agility","status":"publish","type":"page","link":"https:\/\/www.kungsorsbhk.com\/wp\/agility\/","title":{"rendered":"Agility"},"content":{"rendered":"<p>H\u00e4r hittar du klubbrelaterad information om den aktuella t\u00e4vlingsdisciplinen\/hundsporten.<br \/>\nF\u00f6r allm\u00e4nna och publicerade t\u00e4vlingar, se v\u00e5r\u00a0<span style=\"color: #c51137;\"><a style=\"color: #c51137;\" href=\"https:\/\/www.kungsorsbhk.com\/wp\/tavlingsoversikt\/\">T\u00e4vlings\u00f6versikt<\/a><\/span>\u00a0och l\u00e4nkarna till de externa t\u00e4vlingssystemen.<\/p>\n<p><iframe loading=\"lazy\" src=\"https:\/\/drive.google.com\/file\/d\/1zXlvHvuRV5juzki4omfceVRZKd-zPhuo\/preview\" width=\"854\" height=\"480\"><\/iframe><\/p>\n<h4><a style=\"color: #c51137;\" href=\"http:\/\/agilityklubben.se\/tavling\/\" target=\"_blank\" rel=\"noopener noreferrer\"><i class=\"wp-svg-info info\"><\/i> Vad \u00e4r Agility?<\/a><\/h4>\n<p><span style=\"color: #ffffff;\">_<\/span><\/p>\n<div class=\"well well-md\">\n<p><strong><i class=\"wp-svg-cog-2 cog-2\"><\/i> Ansvarig f\u00f6r arbetsgruppen f\u00f6r Agility: <\/strong>\u00c5sa Wilkinson Petersson<\/p>\n<p>Arbetsgruppens uppdrag \u00e4r att stimulera \u00e4n fler ekipage att \u00e4gna sig \u00e5t dess t\u00e4vlingsdisciplin. Detta genom att planera, organisera och genomf\u00f6ra klubbens t\u00e4vlingar inom disciplinen, samt att underh\u00e5lla och investera i den utrustning som beh\u00f6vs f\u00f6r detta.<\/p>\n<p>Har du fr\u00e5gor?<br \/>\nAnv\u00e4nd v\u00e5rt <span style=\"color: #c51137;\"><a style=\"color: #c51137;\" href=\"https:\/\/www.kungsorsbhk.com\/wp\/e-post\/\">kontaktformul\u00e4r<\/a> <\/span>och v\u00e4lj <strong><em>Agility<\/em>\u00a0<\/strong><em><strong>(Arbetsgruppsansvarig)<\/strong><\/em><em><strong>\u00a0<\/strong><\/em>som\u00a0den du vill kontakta.<\/p>\n<p><\/p><\/div>\n<div class=\"well well-md\">\n<p><strong><i class=\"wp-svg-trophy trophy\"><\/i> Klubbm\u00e4sterskap<\/strong><\/p>\n<p><strong>KM-segrare 2018<br \/>\n<\/strong>Small: Jennie Pettersson &amp; Alvf<br \/>\nMedium: Linnea Eklund &amp; Janis<br \/>\nLarge: Maria Dahlberg &amp; Jessie<br \/>\nX-large: Eva-Britt \u00d6berg &amp; Elda<\/p>\n<p><strong>KM-segrare 2017<br \/>\n<\/strong>Small: Jennie Pettersson &amp; Ninja<br \/>\nMedium: Lisa Alestrand &amp; Kim<br \/>\nLarge: Bipascha Bor\u00e9n &amp; Imre<br \/>\nX-large: Roland Frycklund &amp; Zigge<\/p>\n<p><\/p><\/div>\n<div class=\"well well-md\">\n<p><strong><i class=\"wp-svg-users users\"><\/i>\u00a0Klubbens t\u00e4vlingsorganisation<\/strong><\/p>\n<p>T\u00e4vlingsledare: &#8211;<\/p>\n<p><\/p><\/div>\n<div class=\"well well-md\">\n<p><strong><i class=\"wp-svg-cabinet cabinet\"><\/i> \u00d6vrigt<\/strong><\/p>\n<p><span style=\"color: #c51137;\"><a style=\"color: #c51137;\" href=\"https:\/\/www.kungsorsbhk.com\/wp\/wp-content\/uploads\/2015\/12\/Agilitybanor-fr\u00e5n-t\u00e4vlingar.zip\">Agilitybanor fr\u00e5n t\u00e4vlingar<\/a>\u00a0<span style=\"color: #000000;\">(.zip)<\/span><\/span><\/p>\n<p><span style=\"color: #c51137;\"><a style=\"color: #c51137;\" href=\"https:\/\/www.kungsorsbhk.com\/wp\/wp-content\/uploads\/2015\/12\/Agilitybanor-fr\u00e5n-kurser.zip\">Agilitybanor fr\u00e5n kurser<\/a>\u00a0<span style=\"color: #000000;\">(.zip)<\/span><\/span><\/p>\n<p><\/p><\/div>\n","protected":false},"excerpt":{"rendered":"<p>H\u00e4r hittar du klubbrelaterad information om den aktuella t\u00e4vlingsdisciplinen\/hundsporten. F\u00f6r allm\u00e4nna och publicerade t\u00e4vlingar, se v\u00e5r\u00a0T\u00e4vlings\u00f6versikt\u00a0och l\u00e4nkarna till de externa t\u00e4vlingssystemen. Vad \u00e4r Agility? _<\/p>\n","protected":false},"author":2,"featured_media":0,"parent":0,"menu_order":0,"comment_status":"closed","ping_status":"closed","template":"","meta":{"footnotes":""},"class_list":["post-970","page","type-page","status-publish","hentry"],"_links":{"self":[{"href":"https:\/\/www.kungsorsbhk.com\/wp\/wp-json\/wp\/v2\/pages\/970","targetHints":{"allow":["GET"]}}],"collection":[{"href":"https:\/\/www.kungsorsbhk.com\/wp\/wp-json\/wp\/v2\/pages"}],"about":[{"href":"https:\/\/www.kungsorsbhk.com\/wp\/wp-json\/wp\/v2\/types\/page"}],"author":[{"embeddable":true,"href":"https:\/\/www.kungsorsbhk.com\/wp\/wp-json\/wp\/v2\/users\/2"}],"replies":[{"embeddable":true,"href":"https:\/\/www.kungsorsbhk.com\/wp\/wp-json\/wp\/v2\/comments?post=970"}],"version-history":[{"count":1,"href":"https:\/\/www.kungsorsbhk.com\/wp\/wp-json\/wp\/v2\/pages\/970\/revisions"}],"predecessor-version":[{"id":5400,"href":"https:\/\/www.kungsorsbhk.com\/wp\/wp-json\/wp\/v2\/pages\/970\/revisions\/5400"}],"wp:attachment":[{"href":"https:\/\/www.kungsorsbhk.com\/wp\/wp-json\/wp\/v2\/media?parent=970"}],"curies":[{"name":"wp","href":"https:\/\/api.w.org\/{rel}","templated":true}]}}